{"id":9,"date":"2017-11-18T20:21:42","date_gmt":"2017-11-18T19:21:42","guid":{"rendered":"http:\/\/chateaudevilleneuve.fr\/wp\/?page_id=9"},"modified":"2025-08-14T22:00:57","modified_gmt":"2025-08-14T20:00:57","slug":"monument-historique","status":"publish","type":"page","link":"https:\/\/chateaudevilleneuve.fr\/wp\/?page_id=9","title":{"rendered":"Le ch\u00e2teau"},"content":{"rendered":"<p><img loading=\"lazy\" decoding=\"async\" class=\"wp-image-47 size-full\" src=\"http:\/\/chateaudevilleneuve.fr\/wp\/wp-content\/uploads\/2017\/11\/Bebop2_201708121753440200-e1511042941163.jpg\" alt=\"\" width=\"3320\" height=\"4096\" srcset=\"https:\/\/chateaudevilleneuve.fr\/wp\/wp-content\/uploads\/2017\/11\/Bebop2_201708121753440200-e1511042941163.jpg 3320w, https:\/\/chateaudevilleneuve.fr\/wp\/wp-content\/uploads\/2017\/11\/Bebop2_201708121753440200-e1511042941163-243x300.jpg 243w, https:\/\/chateaudevilleneuve.fr\/wp\/wp-content\/uploads\/2017\/11\/Bebop2_201708121753440200-e1511042941163-768x948.jpg 768w, https:\/\/chateaudevilleneuve.fr\/wp\/wp-content\/uploads\/2017\/11\/Bebop2_201708121753440200-e1511042941163-830x1024.jpg 830w\" sizes=\"auto, (max-width: 767px) 89vw, (max-width: 1000px) 54vw, (max-width: 1071px) 543px, 580px\" \/><\/p>\n<p style=\"text-align: center;\"><strong><span style=\"color: #800000;\">Visitez le ch\u00e2teau de Villeneuve, Monument historique <em>(ISMH 1992)<\/em><\/span><\/strong><\/p>\n<div class='white' style='background:#fafafa; border:solid 1px #f0f0f0; border-radius:2px; padding:8px 8px 8px 8px;'>\n<div id='sample_slider' class='owl-carousel sa_owl_theme owl-pagination-true autohide-arrows' data-slider-id='sample_slider' style='visibility:hidden;'>\n<div id='sample_slider_slide07' class='sa_hover_container' style='padding:10% 10%; margin:0px 10%; background-color:rgb(255, 255, 255); '><p><img loading=\"lazy\" decoding=\"async\" class=\"aligncenter size-full wp-image-103\" src=\"http:\/\/chateaudevilleneuve.fr\/wp\/wp-content\/uploads\/2017\/11\/6.jpg\" alt=\"\" width=\"1280\" height=\"960\" srcset=\"https:\/\/chateaudevilleneuve.fr\/wp\/wp-content\/uploads\/2017\/11\/6.jpg 1280w, https:\/\/chateaudevilleneuve.fr\/wp\/wp-content\/uploads\/2017\/11\/6-300x225.jpg 300w, https:\/\/chateaudevilleneuve.fr\/wp\/wp-content\/uploads\/2017\/11\/6-768x576.jpg 768w, https:\/\/chateaudevilleneuve.fr\/wp\/wp-content\/uploads\/2017\/11\/6-1024x768.jpg 1024w\" sizes=\"auto, (max-width: 767px) 89vw, (max-width: 1000px) 54vw, (max-width: 1071px) 543px, 580px\" \/><\/p><\/div>\n<div id='sample_slider_slide04' class='sa_hover_container' style='padding:10% 10%; margin:0px 10%; background-color:rgb(255, 255, 255); '><p><img loading=\"lazy\" decoding=\"async\" class=\"aligncenter size-full wp-image-100\" src=\"http:\/\/chateaudevilleneuve.fr\/wp\/wp-content\/uploads\/2017\/11\/dsc00810a.jpg\" alt=\"\" width=\"1024\" height=\"768\" srcset=\"https:\/\/chateaudevilleneuve.fr\/wp\/wp-content\/uploads\/2017\/11\/dsc00810a.jpg 1024w, https:\/\/chateaudevilleneuve.fr\/wp\/wp-content\/uploads\/2017\/11\/dsc00810a-300x225.jpg 300w, https:\/\/chateaudevilleneuve.fr\/wp\/wp-content\/uploads\/2017\/11\/dsc00810a-768x576.jpg 768w\" sizes=\"auto, (max-width: 767px) 89vw, (max-width: 1000px) 54vw, (max-width: 1071px) 543px, 580px\" \/><\/p>\r\n<p style=\"text-align: center;\">Ch\u00e2telet d'entr\u00e9e XII \u00e8me si\u00e8cle<\/p><\/div>\n<div id='sample_slider_slide05' class='sa_hover_container' style='padding:10% 10%; margin:0px 10%; background-color:rgb(255, 255, 255); '><p><img loading=\"lazy\" decoding=\"async\" class=\"aligncenter size-full wp-image-101\" src=\"http:\/\/chateaudevilleneuve.fr\/wp\/wp-content\/uploads\/2017\/11\/3.jpg\" alt=\"\" width=\"2048\" height=\"1536\" srcset=\"https:\/\/chateaudevilleneuve.fr\/wp\/wp-content\/uploads\/2017\/11\/3.jpg 2048w, https:\/\/chateaudevilleneuve.fr\/wp\/wp-content\/uploads\/2017\/11\/3-300x225.jpg 300w, https:\/\/chateaudevilleneuve.fr\/wp\/wp-content\/uploads\/2017\/11\/3-768x576.jpg 768w, https:\/\/chateaudevilleneuve.fr\/wp\/wp-content\/uploads\/2017\/11\/3-1024x768.jpg 1024w\" sizes=\"auto, (max-width: 767px) 89vw, (max-width: 1000px) 54vw, (max-width: 1071px) 543px, 580px\" \/><\/p><\/div>\n<div id='sample_slider_slide03' class='sa_hover_container' style='padding:10% 10%; margin:0px 10%; background-color:rgb(238, 238, 238); '><p><img loading=\"lazy\" decoding=\"async\" class=\"aligncenter wp-image-79 size-full\" src=\"http:\/\/chateaudevilleneuve.fr\/wp\/wp-content\/uploads\/2017\/11\/20170604_101049.jpg\" alt=\"\" width=\"4032\" height=\"2268\" srcset=\"https:\/\/chateaudevilleneuve.fr\/wp\/wp-content\/uploads\/2017\/11\/20170604_101049.jpg 4032w, https:\/\/chateaudevilleneuve.fr\/wp\/wp-content\/uploads\/2017\/11\/20170604_101049-300x169.jpg 300w, https:\/\/chateaudevilleneuve.fr\/wp\/wp-content\/uploads\/2017\/11\/20170604_101049-768x432.jpg 768w, https:\/\/chateaudevilleneuve.fr\/wp\/wp-content\/uploads\/2017\/11\/20170604_101049-1024x576.jpg 1024w\" sizes=\"auto, (max-width: 767px) 89vw, (max-width: 1000px) 54vw, (max-width: 1071px) 543px, 580px\" \/><\/p>\r\n<p style=\"text-align: center;\">Le ch\u00e2telet d'entr\u00e9e c\u00f4t\u00e9 cour<\/p><\/div>\n<div id='sample_slider_slide02' class='sa_hover_container' style='padding:10% 10%; margin:0px 10%; background-color:rgb(238, 238, 238); '><p><img loading=\"lazy\" decoding=\"async\" class=\"size-full wp-image-80 alignnone\" src=\"http:\/\/chateaudevilleneuve.fr\/wp\/wp-content\/uploads\/2017\/11\/20170625_193522.jpg\" alt=\"\" width=\"4032\" height=\"2268\" srcset=\"https:\/\/chateaudevilleneuve.fr\/wp\/wp-content\/uploads\/2017\/11\/20170625_193522.jpg 4032w, https:\/\/chateaudevilleneuve.fr\/wp\/wp-content\/uploads\/2017\/11\/20170625_193522-300x169.jpg 300w, https:\/\/chateaudevilleneuve.fr\/wp\/wp-content\/uploads\/2017\/11\/20170625_193522-768x432.jpg 768w, https:\/\/chateaudevilleneuve.fr\/wp\/wp-content\/uploads\/2017\/11\/20170625_193522-1024x576.jpg 1024w\" sizes=\"auto, (max-width: 767px) 89vw, (max-width: 1000px) 54vw, (max-width: 1071px) 543px, 580px\" \/><\/p>\r\n<p style=\"text-align: center;\">Le logis : fa\u00e7ade nord<\/p>\r\n<p>&nbsp;<\/p><\/div>\n<div id='sample_slider_slide06' class='sa_hover_container' style='padding:10% 10%; margin:0px 10%; background-color:rgb(255, 255, 255); '><p><img loading=\"lazy\" decoding=\"async\" class=\"aligncenter size-full wp-image-102\" src=\"http:\/\/chateaudevilleneuve.fr\/wp\/wp-content\/uploads\/2017\/11\/11.jpg\" alt=\"\" width=\"1936\" height=\"1296\" srcset=\"https:\/\/chateaudevilleneuve.fr\/wp\/wp-content\/uploads\/2017\/11\/11.jpg 1936w, https:\/\/chateaudevilleneuve.fr\/wp\/wp-content\/uploads\/2017\/11\/11-300x201.jpg 300w, https:\/\/chateaudevilleneuve.fr\/wp\/wp-content\/uploads\/2017\/11\/11-768x514.jpg 768w, https:\/\/chateaudevilleneuve.fr\/wp\/wp-content\/uploads\/2017\/11\/11-1024x685.jpg 1024w\" sizes=\"auto, (max-width: 767px) 89vw, (max-width: 1000px) 54vw, (max-width: 1071px) 543px, 580px\" \/><\/p><\/div>\n<div id='sample_slider_slide01' class='sa_hover_container' style='padding:10% 10%; margin:0px 10%; background-color:rgb(255, 255, 255); '><div style=\"text-align: center; padding-bottom: 10px;\">\r\n<div>\r\n<p><img loading=\"lazy\" decoding=\"async\" class=\"aligncenter wp-image-35 size-full\" src=\"http:\/\/chateaudevilleneuve.fr\/wp\/wp-content\/uploads\/2017\/11\/cropped-20170923_180436-1.jpg\" alt=\"\" width=\"2000\" height=\"1200\" srcset=\"https:\/\/chateaudevilleneuve.fr\/wp\/wp-content\/uploads\/2017\/11\/cropped-20170923_180436-1.jpg 2000w, https:\/\/chateaudevilleneuve.fr\/wp\/wp-content\/uploads\/2017\/11\/cropped-20170923_180436-1-300x180.jpg 300w, https:\/\/chateaudevilleneuve.fr\/wp\/wp-content\/uploads\/2017\/11\/cropped-20170923_180436-1-768x461.jpg 768w, https:\/\/chateaudevilleneuve.fr\/wp\/wp-content\/uploads\/2017\/11\/cropped-20170923_180436-1-1024x614.jpg 1024w\" sizes=\"auto, (max-width: 767px) 89vw, (max-width: 1000px) 54vw, (max-width: 1071px) 543px, 580px\" \/><\/p>\r\n<\/div>\r\n<div>\u00a0<\/div>\r\n<div><span style=\"color: #000000;\">Le logis\u00a0 \u00a0: fa\u00e7ade sud\u00a0<\/span><\/div>\r\n<p>&nbsp;<\/p>\r\n<\/div><\/div>\n<\/div>\n<\/div>\n<script type='text\/javascript'>\n\tjQuery(document).ready(function() {\n\t\tjQuery('#sample_slider').owlCarousel({\n\t\t\tresponsive:{\n\t\t\t\t0:{ items:10 },\n\t\t\t\t480:{ items:10 },\n\t\t\t\t768:{ items:10 },\n\t\t\t\t980:{ items:10 },\n\t\t\t\t1200:{ items:10 },\n\t\t\t\t1500:{ items:1 }\n\t\t\t},\n\t\t\tautoplay : true,\n\t\t\tautoplayTimeout : 4000,\n\t\t\tautoplayHoverPause : true,\n\t\t\tsmartSpeed : 300,\n\t\t\tfluidSpeed : 300,\n\t\t\tautoplaySpeed : 300,\n\t\t\tnavSpeed : 300,\n\t\t\tdotsSpeed : 300,\n\t\t\tloop : true,\n\t\t\tnav : true,\n\t\t\tnavText : ['Previous','Next'],\n\t\t\tdots : true,\n\t\t\tresponsiveRefreshRate : 200,\n\t\t\tslideBy : 1,\n\t\t\tmergeFit : true,\n\t\t\tautoHeight : false,\n\t\t\tmouseDrag : true,\n\t\t\ttouchDrag : true\n\t\t});\n\t\tjQuery('#sample_slider').css('visibility', 'visible');\n\t\tsa_resize_sample_slider();\n\t\twindow.addEventListener('resize', sa_resize_sample_slider);\n\t\tfunction sa_resize_sample_slider() {\n\t\t\tvar min_height = '25';\n\t\t\tvar win_width = jQuery(window).width();\n\t\t\tvar slider_width = jQuery('#sample_slider').width();\n\t\t\tif (win_width < 480) {\n\t\t\t\tvar slide_width = slider_width \/ 10;\n\t\t\t} else if (win_width < 768) {\n\t\t\t\tvar slide_width = slider_width \/ 10;\n\t\t\t} else if (win_width < 980) {\n\t\t\t\tvar slide_width = slider_width \/ 10;\n\t\t\t} else if (win_width < 1200) {\n\t\t\t\tvar slide_width = slider_width \/ 10;\n\t\t\t} else if (win_width < 1500) {\n\t\t\t\tvar slide_width = slider_width \/ 10;\n\t\t\t} else {\n\t\t\t\tvar slide_width = slider_width \/ 1;\n\t\t\t}\n\t\t\tslide_width = Math.round(slide_width);\n\t\t\tvar slide_height = '0';\n\t\t\tif (min_height == 'aspect43') {\n\t\t\t\tslide_height = (slide_width \/ 4) * 3;\t\t\t\tslide_height = Math.round(slide_height);\n\t\t\t} else if (min_height == 'aspect169') {\n\t\t\t\tslide_height = (slide_width \/ 16) * 9;\t\t\t\tslide_height = Math.round(slide_height);\n\t\t\t} else {\n\t\t\t\tslide_height = (slide_width \/ 100) * min_height;\t\t\t\tslide_height = Math.round(slide_height);\n\t\t\t}\n\t\t\tjQuery('#sample_slider .owl-item .sa_hover_container').css('min-height', slide_height+'px');\n\t\t}\n\t\tvar owl_goto = jQuery('#sample_slider');\n\t\tjQuery('.sample_slider_goto1').click(function(event){\n\t\t\towl_goto.trigger('to.owl.carousel', 0);\n\t\t});\n\t\tjQuery('.sample_slider_goto2').click(function(event){\n\t\t\towl_goto.trigger('to.owl.carousel', 1);\n\t\t});\n\t\tjQuery('.sample_slider_goto3').click(function(event){\n\t\t\towl_goto.trigger('to.owl.carousel', 2);\n\t\t});\n\t\tjQuery('.sample_slider_goto4').click(function(event){\n\t\t\towl_goto.trigger('to.owl.carousel', 3);\n\t\t});\n\t\tjQuery('.sample_slider_goto5').click(function(event){\n\t\t\towl_goto.trigger('to.owl.carousel', 4);\n\t\t});\n\t\tjQuery('.sample_slider_goto6').click(function(event){\n\t\t\towl_goto.trigger('to.owl.carousel', 5);\n\t\t});\n\t\tjQuery('.sample_slider_goto7').click(function(event){\n\t\t\towl_goto.trigger('to.owl.carousel', 6);\n\t\t});\n\t\tvar resize_4 = jQuery('.owl-carousel');\n\t\tresize_4.on('initialized.owl.carousel', function(e) {\n\t\t\tif (typeof(Event) === 'function') {\n\t\t\t\twindow.dispatchEvent(new Event('resize'));\n\t\t\t} else {\n\t\t\t\tvar evt = window.document.createEvent('UIEvents');\n\t\t\t\tevt.initUIEvent('resize', true, false, window, 0);\n\t\t\t\twindow.dispatchEvent(evt);\n\t\t\t}\n\t\t});\n\t});\n<\/script>\n\n\n\n<div class=\"wp-block-columns is-layout-flex wp-container-core-columns-is-layout-9d6595d7 wp-block-columns-is-layout-flex\">\n<div class=\"wp-block-column is-layout-flow wp-block-column-is-layout-flow\">\n<p>Voici <strong>l\u2019histoire succincte <\/strong>de cet ancien monument. Ville neuve, \u00ab&nbsp;<em>villa nova<\/em>&nbsp;\u00bb, domaine foncier gallo romain : ici id\u00e9alement situ\u00e9 \u00e0 la fronti\u00e8re du pays angevin et du Poitou, la rivi\u00e8re du Layon formant une fronti\u00e8re naturelle. La famille qui \u00e9tait propri\u00e9taire du domaine jusqu\u2019\u00e0 la fin du XVI \u00e8me si\u00e8cle&nbsp; \u00e9tait les \u00ab&nbsp;Villeneuve du Cazeau&nbsp;\u00bb. Il a ensuite appartenu \u00e0 P. Boreau de la Besnardi\u00e8re, puis \u00e0 la famille de Monticourt puis au Prince de Cro\u00ff qui nous l\u2019a vendu en 1986. Les travaux de r\u00e9novation se poursuivent depuis ce temps&nbsp;!<\/p>\n\n\n\n<p>&nbsp;&nbsp;&nbsp;&nbsp;&nbsp;&nbsp;&nbsp;&nbsp; Sur le plan <strong>architectural<\/strong>, nous avons l\u2019exemple typique d\u2019une habitation seigneuriale o\u00f9 les parties agricoles c\u00f4toient les parties les plus nobles. Mais ici une particularit\u00e9 est cette disposition qui m\u00e9nage une grande cour centrale.<\/p>\n\n\n\n<p>Un jardin inspir\u00e9 d\u2019une enluminure du roman de Renaud de Montauban (XV<sup>e<\/sup> si\u00e8cle) y a \u00e9t\u00e9 cr\u00e9\u00e9 en 1991 (avec le conseil du Professeur Grimal).<\/p>\n\n\n\n<p>Un p\u00e9rim\u00e8tre unique enserre demeure et exploitation. Dans le rectangle ainsi d\u00e9limit\u00e9 l\u2019habitation du ma\u00eetre (logis au Sud) d\u00e9limite deux ensembles : d\u2019un c\u00f4t\u00e9 le jardin noble (terrasse Sud en cours d\u2019am\u00e9nagement) mi ornemental mi potager au XV<sup>e<\/sup>, sur lequel ouvrent les principales crois\u00e9es du logis, de l\u2019autre, la cour utilitaire autour de laquelle s\u2019alignent granges, \u00e9tables, \u00e9curies, habitats de serviteurs, pressoir, chapelle d\u00e9di\u00e9e \u00e0 St S\u00e9bastien, fuie \u00e0 pigeons. Les fa\u00e7ades aveugles de ces b\u00e2timents agricoles formaient protection et une cl\u00f4ture entoure l\u2019ensemble.<\/p>\n\n\n\n<p>&nbsp;&nbsp;&nbsp;&nbsp;&nbsp;&nbsp;&nbsp;&nbsp; <strong>Le ch\u00e2telet d\u2019entr\u00e9e<\/strong>, avec ses portes charreti\u00e8re et pi\u00e9tonni\u00e8re a \u00e9t\u00e9 vraisemblablement \u00e9difi\u00e9 au XII<sup>e<\/sup>. Remarquez la voussure particuli\u00e8re \u00e0 3 claveaux (qui ressemble \u00e0 celles de la tour maitresse du ch\u00e2teau de Martign\u00e9 Briand). A sa droite, la chapelle St S\u00e9bastien. Nous avons les copies des dessins en couleur ex\u00e9cut\u00e9s par Fran\u00e7ois-Roger de Gaigni\u00e8res (1642-1715) des vitraux et des gisants. On devine sur sa fa\u00e7ade les ouvertures en ogives cintr\u00e9es. Celles-ci ont \u00e9t\u00e9 agrandies pour faciliter l\u2019acc\u00e8s des c\u00e9r\u00e9ales lors de la transformation en ferme du domaine \u00e0 la fin du XIXe. La fuie ronde \u00e0 pigeons, qui se situait sur le c\u00f4t\u00e9 est, a \u00e9t\u00e9 d\u00e9molie \u00e0 cette m\u00eame \u00e9poque pour laisser place \u00e0 des porcheries que nous avons enlev\u00e9es. De m\u00eame, la toiture de la tour d\u2019escalier du logis fut aras\u00e9e.<\/p>\n\n\n\n<p>Approchons maintenant du logis.<\/p>\n\n\n\n<p>&nbsp;&nbsp;&nbsp;&nbsp;&nbsp;&nbsp;&nbsp;&nbsp; <strong>Le&nbsp; logis <\/strong>poss\u00e8de le plan fondamental des demeures seigneuriales de l\u2019Anjou : pr\u00e9sence d\u2019une grande salle au rez de chauss\u00e9e, lieu de vie communautaire du seigneur et 4 chambres \u00e0 l\u2019\u00e9tage avec une tour de latrines \u00e0 chaque pignon, une tour d\u2019escalier dont l\u2019entr\u00e9e se distingue par un \u00e9l\u00e9ment d\u00e9coratif, ici un immense linteau monolithe avec accolade. Aujourd&rsquo;hui cet escalier est hors \u0153uvre alors qu\u2019\u00e0 l\u2019apog\u00e9e du ch\u00e2teau, celui ci \u00e9tait semi engag\u00e9. En effet, une galerie reliait la tour d\u2019escalier au b\u00e2timent de gauche. Le rez de chauss\u00e9e s\u2019ouvrait \u00e0 l\u2019ext\u00e9rieur par 3 arcades et un d\u00e9ambulatoire-galerie ouverte vers l\u2019ext\u00e9rieur existait \u00e0 l\u2019\u00e9tage. Un retour d\u2019angle rejoignait le b\u00e2timent agricole au dessus des caves. Cette partie a \u00e9t\u00e9 d\u00e9molie par un des propri\u00e9taires du XVIIe pour laisser la place en ext\u00e9rieur \u00e0 une trav\u00e9e classique et \u00e0 l\u2019int\u00e9rieur \u00e0 un escalier rampe sur rampe pratiqu\u00e9 dans le corps de b\u00e2timent. Il voulait ainsi transformer la maison <em>entre &nbsp;cour et jardin<\/em>. La chemin\u00e9e du rez-de-chauss\u00e9e avait disparue tandis que celle de l\u2019\u00e9tage restait suspendue. En d\u00e9montant ces degr\u00e9s nous avons retrouv\u00e9 de nombreux \u00e9l\u00e9ments sculpt\u00e9s de la chemin\u00e9e permettant de la recr\u00e9er int\u00e9gralement.<\/p>\n\n\n\n<p>Chaque pi\u00e8ce poss\u00e8de sa chemin\u00e9e monumentale, y compris \u00e0 l\u2019\u00e9tage. Le chauffage se fait aujourd\u2019hui par g\u00e9othermie pratiqu\u00e9e sur la terrasse sud et pompe \u00e0 chaleur dans la base de la tour de latrines est.<\/p>\n\n\n\n<p>&nbsp;&nbsp;&nbsp;&nbsp;&nbsp;&nbsp;&nbsp;&nbsp; Maintenant, voyons la <strong>fa\u00e7ade Sud<\/strong>. Vous pouvez admirer la vue au del\u00e0 de la rivi\u00e8re du Layon vers Tign\u00e9 l\u00e9g\u00e8rement sur votre gauche, les ch\u00e2teaux du Petit Riou et du Grand Riou en face puis Aubign\u00e9 sur Layon \u00e0 votre droite.<\/p>\n\n\n\n<p>Nous sommes ici dans ce qui \u00e9tait le jardin noble potager semi-ornemental en forme de terrasse que nous recr\u00e9ons dans le go\u00fbt italien. Nous avons bien une construction du XV<sup>e<\/sup> avec fen\u00eatres \u00e0 meneaux et traverses. Les crois\u00e9es du niveau bas \u00e9taient prot\u00e9g\u00e9es par des grilles. Le logis se termine par un pavillon massif qui poss\u00e8de une lucarne post\u00e9rieure (XVI<sup>e<\/sup>), seule partie en tuffeau du logis, qui donnait sur la chambre du r\u00e9gisseur du domaine. Un d\u00e9cor \u00ab&nbsp;\u00e0 fenestrage&nbsp;\u00bb orne la grande souche de chemin\u00e9e. Le mur qui soutient cette terrasse s\u2019est malheureusement effondr\u00e9 en D\u00e9cembre 2006 suite aux travaux de g\u00e9othermie dans le sol et \u00e0 des pluies importantes. Nous l\u2019avons enti\u00e8rement restaur\u00e9 (65 toupies de b\u00e9ton, 3 tonnes d\u2019acier et 95 m3 de pierres&nbsp;!)<\/p>\n\n\n\n<p>&nbsp;&nbsp;&nbsp;&nbsp;&nbsp;&nbsp;&nbsp;&nbsp; Le ch\u00e2teau de Villeneuve \u00e0 Martign\u00e9 Briand &#8211; Terranjou n\u2019a maintenant presque plus de secrets pour vous\u2026<\/p>\n\n\n\n<p>F.Vandangeon<\/p>\n\n\n\n<p>Bibliographie :<\/p>\n\n\n\n<p>&#8211; A.Sarrazin, <em>Vieux logis en Anjou<\/em>, imp. Farr\u00e9, 1979<\/p>\n\n\n\n<p>&#8211; V.Manase, V.Orain, C. Cussonneau, <em>La maison&nbsp; seigneuriale&nbsp; dans l\u2019Est de l\u2019Anjou<\/em><\/p>\n\n\n\n<p>&#8211; Archives d\u00e9partementales de l\u2019Anjou, s\u00e9ries D et E.<\/p>\n\n\n\n<p>&#8211; Eric Zeimert, Jo\u00eal Cornec, sondages arch\u00e9ologiques, AFAN, SRA Pays de la Loire, 1995<\/p>\n\n\n\n<p>&#8211; B.Barreault, F.Vandangeon, <em>D\u2019hier \u00e0 demain, Martign\u00e9 Briand<\/em>, H\u00e9rault Ed. 1984<\/p>\n\n\n\n<p>Propri\u00e9taires membres de&nbsp;:<\/p>\n\n\n\n<p>Association des Vieilles Maisons fran\u00e7aises <a href=\"https:\/\/www.vmfpatrimoine.org\/\">https:\/\/www.vmfpatrimoine.org\/<\/a><br>Association\u00a0 Maisons paysannes de France <a href=\"https:\/\/maisons-paysannes.org\/\">https:\/\/maisons-paysannes.org\/<\/a><br>Association de sauvegarde et protection des jardins de l\u2019Anjou <a href=\"https:\/\/aspeja.fr\/\">https:\/\/aspeja.fr\/<\/a><br>Soci\u00e9t\u00e9 d\u2019horticulture de l\u2019Anjou <a href=\"https:\/\/societe-horticulture-49.fr\/\">https:\/\/societe-horticulture-49.fr\/<\/a><br>Association des parcs et jardins des pays de la Loire <a href=\"https:\/\/www.parcsetjardins.fr\/associations\/regionales\/association-des-parcs-et-jardins-des-pays-de-la-loire-23\">https:\/\/www.parcsetjardins.fr\/associations\/regionales\/association-des-parcs-et-jardins-des-pays-de-la-loire-23<\/a><br>EBTS France, European Boxwood and Topiary Society France  <a href=\"https:\/\/buis-et-topiaires.org\/\" target=\"_blank\" rel=\"noreferrer noopener\">https:\/\/buis-et-topiaires.org\/<\/a><\/p>\n\n\n\n<p>\u2026etc<\/p>\n<\/div>\n<\/div>\n","protected":false},"excerpt":{"rendered":"<p>Visitez le ch\u00e2teau de Villeneuve, Monument historique (ISMH 1992) Voici l\u2019histoire succincte de cet ancien monument. Ville neuve, \u00ab&nbsp;villa nova&nbsp;\u00bb, domaine foncier gallo romain : ici id\u00e9alement situ\u00e9 \u00e0 la fronti\u00e8re du pays angevin et du Poitou, la rivi\u00e8re du Layon formant une fronti\u00e8re naturelle. La famille qui \u00e9tait propri\u00e9taire du domaine jusqu\u2019\u00e0 la fin &hellip; <\/p>\n<p class=\"link-more\"><a href=\"https:\/\/chateaudevilleneuve.fr\/wp\/?page_id=9\" class=\"more-link\">Continuer la lecture<span class=\"screen-reader-text\"> de &laquo;&nbsp;Le ch\u00e2teau&nbsp;&raquo;<\/span><\/a><\/p>\n","protected":false},"author":1,"featured_media":0,"parent":0,"menu_order":0,"comment_status":"closed","ping_status":"closed","template":"","meta":{"footnotes":""},"class_list":["post-9","page","type-page","status-publish","hentry"],"_links":{"self":[{"href":"https:\/\/chateaudevilleneuve.fr\/wp\/index.php?rest_route=\/wp\/v2\/pages\/9","targetHints":{"allow":["GET"]}}],"collection":[{"href":"https:\/\/chateaudevilleneuve.fr\/wp\/index.php?rest_route=\/wp\/v2\/pages"}],"about":[{"href":"https:\/\/chateaudevilleneuve.fr\/wp\/index.php?rest_route=\/wp\/v2\/types\/page"}],"author":[{"embeddable":true,"href":"https:\/\/chateaudevilleneuve.fr\/wp\/index.php?rest_route=\/wp\/v2\/users\/1"}],"replies":[{"embeddable":true,"href":"https:\/\/chateaudevilleneuve.fr\/wp\/index.php?rest_route=%2Fwp%2Fv2%2Fcomments&post=9"}],"version-history":[{"count":13,"href":"https:\/\/chateaudevilleneuve.fr\/wp\/index.php?rest_route=\/wp\/v2\/pages\/9\/revisions"}],"predecessor-version":[{"id":338,"href":"https:\/\/chateaudevilleneuve.fr\/wp\/index.php?rest_route=\/wp\/v2\/pages\/9\/revisions\/338"}],"wp:attachment":[{"href":"https:\/\/chateaudevilleneuve.fr\/wp\/index.php?rest_route=%2Fwp%2Fv2%2Fmedia&parent=9"}],"curies":[{"name":"wp","href":"https:\/\/api.w.org\/{rel}","templated":true}]}}