{"id":7,"date":"2017-11-18T20:21:06","date_gmt":"2017-11-18T19:21:06","guid":{"rendered":"http:\/\/chateaudevilleneuve.fr\/wp\/?page_id=7"},"modified":"2026-03-14T21:45:26","modified_gmt":"2026-03-14T20:45:26","slug":"accueil","status":"publish","type":"page","link":"https:\/\/chateaudevilleneuve.fr\/wp\/","title":{"rendered":"Accueil"},"content":{"rendered":"<p><img loading=\"lazy\" decoding=\"async\" class=\"aligncenter size-full wp-image-77\" src=\"http:\/\/chateaudevilleneuve.fr\/wp\/wp-content\/uploads\/2017\/11\/20170609_094201.jpg\" alt=\"\" width=\"4032\" height=\"2268\" srcset=\"https:\/\/chateaudevilleneuve.fr\/wp\/wp-content\/uploads\/2017\/11\/20170609_094201.jpg 4032w, https:\/\/chateaudevilleneuve.fr\/wp\/wp-content\/uploads\/2017\/11\/20170609_094201-300x169.jpg 300w, https:\/\/chateaudevilleneuve.fr\/wp\/wp-content\/uploads\/2017\/11\/20170609_094201-768x432.jpg 768w, https:\/\/chateaudevilleneuve.fr\/wp\/wp-content\/uploads\/2017\/11\/20170609_094201-1024x576.jpg 1024w\" sizes=\"auto, (max-width: 767px) 89vw, (max-width: 1000px) 54vw, (max-width: 1071px) 543px, 580px\" \/><\/p>\n\n\n<p class=\"has-text-align-center has-black-color has-text-color has-link-color has-medium-font-size wp-elements-70f8f88da6752531ba658ee06cc5c2ee\">Soyez les bienvenus au ch\u00e2teau de Villeneuve<br> \u00e0 Martign\u00e9 Briand, Terranjou <br>Monument historique des XIIe et XV e si\u00e8cles,<br> jardins historiques labellis\u00e9s \u00ab\u00a0Beau jardin des pays de la Loire\u00a0\u00bb <br>et Gite de tourisme 3* \u00ab\u00a0Le ch\u00e2telet\u00a0\u00bb<\/p>\n","protected":false},"excerpt":{"rendered":"<p>Soyez les bienvenus au ch\u00e2teau de Villeneuve \u00e0 Martign\u00e9 Briand, Terranjou Monument historique des XIIe et XV e si\u00e8cles, jardins historiques labellis\u00e9s \u00ab\u00a0Beau jardin des pays de la Loire\u00a0\u00bb et Gite de tourisme 3* \u00ab\u00a0Le ch\u00e2telet\u00a0\u00bb<\/p>\n","protected":false},"author":1,"featured_media":0,"parent":0,"menu_order":0,"comment_status":"closed","ping_status":"closed","template":"","meta":{"footnotes":""},"class_list":["post-7","page","type-page","status-publish","hentry"],"_links":{"self":[{"href":"https:\/\/chateaudevilleneuve.fr\/wp\/index.php?rest_route=\/wp\/v2\/pages\/7","targetHints":{"allow":["GET"]}}],"collection":[{"href":"https:\/\/chateaudevilleneuve.fr\/wp\/index.php?rest_route=\/wp\/v2\/pages"}],"about":[{"href":"https:\/\/chateaudevilleneuve.fr\/wp\/index.php?rest_route=\/wp\/v2\/types\/page"}],"author":[{"embeddable":true,"href":"https:\/\/chateaudevilleneuve.fr\/wp\/index.php?rest_route=\/wp\/v2\/users\/1"}],"replies":[{"embeddable":true,"href":"https:\/\/chateaudevilleneuve.fr\/wp\/index.php?rest_route=%2Fwp%2Fv2%2Fcomments&post=7"}],"version-history":[{"count":15,"href":"https:\/\/chateaudevilleneuve.fr\/wp\/index.php?rest_route=\/wp\/v2\/pages\/7\/revisions"}],"predecessor-version":[{"id":351,"href":"https:\/\/chateaudevilleneuve.fr\/wp\/index.php?rest_route=\/wp\/v2\/pages\/7\/revisions\/351"}],"wp:attachment":[{"href":"https:\/\/chateaudevilleneuve.fr\/wp\/index.php?rest_route=%2Fwp%2Fv2%2Fmedia&parent=7"}],"curies":[{"name":"wp","href":"https:\/\/api.w.org\/{rel}","templated":true}]}}