{"id":239,"date":"2024-12-15T20:21:54","date_gmt":"2024-12-15T19:21:54","guid":{"rendered":"http:\/\/chateaudevilleneuve.fr\/wp\/?page_id=239"},"modified":"2025-04-19T16:01:47","modified_gmt":"2025-04-19T14:01:47","slug":"gite-de-tourisme-le-chatelet-2","status":"publish","type":"page","link":"https:\/\/chateaudevilleneuve.fr\/wp\/?page_id=239","title":{"rendered":"Gite de tourisme \u00a0\u00bb Le ch\u00e2telet\u00a0\u00bb"},"content":{"rendered":"\n<p>Meubl\u00e9 de tourisme class\u00e9 3* Anjou Tourisme<a href=\" https:\/\/www.anjou-tourisme.com\/fr\/diffusio\/locations-vacances\/gite-du-chatelet-chateau-de-villeneuve-terranjou_TFOHLOPDL049V50HOYQ\"> https:\/\/www.anjou-tourisme.com\/fr\/diffusio\/locations-vacances\/gite-du-chatelet-chateau-de-villeneuve-terranjou_TFOHLOPDL049V50HOYQ<\/a><\/p>\n\n\n\n<p><a href=\"https:\/\/www.anjou-tourisme.com\/fr\/preparer-son-sejour\/ou-dormir\/gites-et-locations\">https:\/\/www.anjou-tourisme.com\/fr\/<\/a><\/p>\n\n\n\n<p><strong>Le ch\u00e2teau de Villeneuve<\/strong> vous propose un s\u00e9jour dans le \u00ab\u00a0<strong>gite du ch\u00e2telet<\/strong>\u00ab\u00a0, b\u00e2timent des XII e et XV e si\u00e8cles pour vivre une immersion dans le Moyen-Age en toute qui\u00e9tude. <br>Vous pourrez profiter librement des jardins historiques labellis\u00e9s \u00ab\u00a0Beau jardin des pays de La Loire\u00a0\u00bb.<br><\/p>\n\n\n\n<p>Situ\u00e9 dans les coteaux du Layon, vous serez \u00e0 proximit\u00e9 de sites touristiques importants : ch\u00e2teaux historiques ( Brissac, Angers, Saumur, Serrant, Brez\u00e9, Maz\u00e9 Montgeoffroy, le Plessis Bourr\u00e9&#8230;etc), Le magnifique Bioparc de Dou\u00e9 la Fontaine, Le Puy du Fou ( grand parc et cin\u00e9sc\u00e9nie), La vall\u00e9e de la Loire avec ses jolis villages de p\u00eacheurs et le circuit \u00ab\u00a0La Loire \u00e0 v\u00e9lo\u00a0\u00bb&#8230;et prenez le temps d&rsquo;aller fl\u00e2ner dans le village d&rsquo;Aubign\u00e9 sur Layon \u00e0  2 kms ( \u00e9glise romane avec fresques du XVIIIe, son ch\u00e2teau m\u00e9di\u00e9val, jardin de cur\u00e9, vieilles demeures viticoles).<\/p>\n\n\n\n<p>De magnifiques jardins ouverts au public sont proches : Le parc Terra Botanica \u00e0 Angers, Le parc oriental de Maul\u00e9vrier, le potager du ch\u00e2teau, les chemins de la rose \u00e0 Dou\u00e9 Fontaine, le jardin de Puygirault \u00e0 Saumur, le parc du ch\u00e2teau du pin \u00e0 Champtoc\u00e9 sur Loire &#8230;<\/p>\n\n\n\n<p>Passionn\u00e9 par l\u2019\u0153nologie (membre du grand conseil des chevaliers du Sacavin d&rsquo;Anjou -Saumur), nous pourrons vous conseiller utilement sur les nombreux domaines viticoles proches : \u00e0 Terranjou, dans le Layon ou l&rsquo;Aubance ou dans le Saumur Champigny o\u00f9 vous serez accueillis \u00e0 bras ouverts sur notre recommandation.<\/p>\n\n\n\n<p>Les si\u00e8ges de repos sont propices aux siestes \u00e0 l&rsquo;ombre. Pour le recueillement, le monast\u00e8re des s\u0153urs b\u00e9n\u00e9dictines est \u00e0 100m : offices religieux r\u00e9guliers et boutique ( leurs confitures maison sont une v\u00e9ritable b\u00e9n\u00e9diction !) <br>Un peu plus sportif : trois sentiers de randonn\u00e9e ou \u00e0 v\u00e9lo sont balis\u00e9s sur Martign\u00e9 Briand. Celui d\u00e9nomm\u00e9 \u00ab\u00a0sur les pas de St Martin\u00a0\u00bb d\u00e9marre justement de Villeneuve ( 10 ou 15 kms).<\/p>\n\n\n\n<p><strong>Le logement :<\/strong><\/p>\n\n\n\n<p>Dans ce cadre m\u00e9di\u00e9val authentique, l&rsquo;h\u00e9bergement est situ\u00e9 pr\u00e8s du porche d&rsquo;entr\u00e9e \u00e0 la cour principale de la propri\u00e9t\u00e9 .<br>Il est accessible par une marche.<br>Il comprend un salon &#8211; salle \u00e0 manger avec canap\u00e9 lit confortable, une cuisine ouverte parfaitement \u00e9quip\u00e9e. <br>Deux marches donnent acc\u00e8s \u00e0 la zone de couchage avec une chambre \u00e0 deux lits que l&rsquo;on peut facilement jumeler, une salle d&rsquo;eau avec douche \u00e0 l&rsquo;italienne et WC s\u00e9par\u00e9s. <br>Nous pouvons mettre \u00e0 votre disposition serviettes et draps ( avec suppl\u00e9ment).<\/p>\n\n\n\n<figure class=\"wp-block-image size-large\"><img loading=\"lazy\" decoding=\"async\" width=\"1024\" height=\"767\" src=\"http:\/\/chateaudevilleneuve.fr\/wp\/wp-content\/uploads\/2024\/12\/af304b72-cb92-4b72-a228-255a10022bce-1-1024x767.jpeg\" alt=\"\" class=\"wp-image-271\" srcset=\"https:\/\/chateaudevilleneuve.fr\/wp\/wp-content\/uploads\/2024\/12\/af304b72-cb92-4b72-a228-255a10022bce-1-1024x767.jpeg 1024w, https:\/\/chateaudevilleneuve.fr\/wp\/wp-content\/uploads\/2024\/12\/af304b72-cb92-4b72-a228-255a10022bce-1-300x225.jpeg 300w, https:\/\/chateaudevilleneuve.fr\/wp\/wp-content\/uploads\/2024\/12\/af304b72-cb92-4b72-a228-255a10022bce-1-768x575.jpeg 768w, https:\/\/chateaudevilleneuve.fr\/wp\/wp-content\/uploads\/2024\/12\/af304b72-cb92-4b72-a228-255a10022bce-1.jpeg 1440w\" sizes=\"auto, (max-width: 767px) 89vw, (max-width: 1000px) 54vw, (max-width: 1071px) 543px, 580px\" \/><\/figure>\n\n\n\n<figure class=\"wp-block-image size-large\"><img loading=\"lazy\" decoding=\"async\" width=\"1024\" height=\"768\" src=\"http:\/\/chateaudevilleneuve.fr\/wp\/wp-content\/uploads\/2024\/12\/c89c6c5e-7106-4d94-8be1-feed3a40541a-1024x768.jpg\" alt=\"\" class=\"wp-image-272\" srcset=\"https:\/\/chateaudevilleneuve.fr\/wp\/wp-content\/uploads\/2024\/12\/c89c6c5e-7106-4d94-8be1-feed3a40541a-1024x768.jpg 1024w, https:\/\/chateaudevilleneuve.fr\/wp\/wp-content\/uploads\/2024\/12\/c89c6c5e-7106-4d94-8be1-feed3a40541a-300x225.jpg 300w, https:\/\/chateaudevilleneuve.fr\/wp\/wp-content\/uploads\/2024\/12\/c89c6c5e-7106-4d94-8be1-feed3a40541a-768x576.jpg 768w, https:\/\/chateaudevilleneuve.fr\/wp\/wp-content\/uploads\/2024\/12\/c89c6c5e-7106-4d94-8be1-feed3a40541a.jpg 1440w\" sizes=\"auto, (max-width: 767px) 89vw, (max-width: 1000px) 54vw, (max-width: 1071px) 543px, 580px\" \/><\/figure>\n\n\n\n<figure class=\"wp-block-image size-large\"><img loading=\"lazy\" decoding=\"async\" width=\"1024\" height=\"767\" src=\"http:\/\/chateaudevilleneuve.fr\/wp\/wp-content\/uploads\/2024\/12\/6e00498a-c2ee-4a37-b0e5-c551056f6b4d-1024x767.jpeg\" alt=\"\" class=\"wp-image-269\" srcset=\"https:\/\/chateaudevilleneuve.fr\/wp\/wp-content\/uploads\/2024\/12\/6e00498a-c2ee-4a37-b0e5-c551056f6b4d-1024x767.jpeg 1024w, https:\/\/chateaudevilleneuve.fr\/wp\/wp-content\/uploads\/2024\/12\/6e00498a-c2ee-4a37-b0e5-c551056f6b4d-300x225.jpeg 300w, https:\/\/chateaudevilleneuve.fr\/wp\/wp-content\/uploads\/2024\/12\/6e00498a-c2ee-4a37-b0e5-c551056f6b4d-768x575.jpeg 768w, https:\/\/chateaudevilleneuve.fr\/wp\/wp-content\/uploads\/2024\/12\/6e00498a-c2ee-4a37-b0e5-c551056f6b4d.jpeg 1440w\" sizes=\"auto, (max-width: 767px) 89vw, (max-width: 1000px) 54vw, (max-width: 1071px) 543px, 580px\" \/><\/figure>\n\n\n\n<h2 class=\"wp-block-heading\"><strong>Acc\u00e8s des voyageurs :<\/strong><\/h2>\n\n\n\n<p>Vous disposez du rez de chauss\u00e9e du b\u00e2timent et votre voiture pourra \u00eatre stationn\u00e9e \u00e0 proximit\u00e9 imm\u00e9diate du logement. Une borne de recharge rapide pour v\u00e9hicules \u00e9lectriques est disponible \u00e0 Martign\u00e9 Briand, place ABCD ( 3kms) et \u00e0 Aubign\u00e9 sur Layon au LD la stationnerie ( 3kms)<\/p>\n\n\n\n<p class=\"has-medium-font-size\"><strong><em>Quelques pr\u00e9cisions :<\/em><\/strong><\/p>\n\n\n\n<p>Vous pourrez vous promener librement dans les jardins historiques labellis\u00e9s \u00ab\u00a0Beau jardin des pays de La Loire\u00a0\u00bb et profiter de 2 terrasses avec tables et chaises (soleil \/ ombre en fonction de l&rsquo;horaire). (Dans la journ\u00e9e, vous pourrez \u00eatre emmen\u00e9s \u00e0 croiser des visiteurs&#8230;)<\/p>\n\n\n\n<p>Nous mettons \u00e0 votre disposition des jeux de soci\u00e9t\u00e9 ou d&rsquo;ext\u00e9rieur, nos v\u00e9los adultes ou enfants ( les courses autour de la cour centrale sont tr\u00e8s appr\u00e9ci\u00e9es par ces derniers en g\u00e9n\u00e9ral&#8230; mais nous d\u00e9clinons toutes responsabilit\u00e9s &#8230;)<\/p>\n\n\n\n<p>Nous acceptons un animal de compagnie ( uniquement chien ). Si c&rsquo;est une femelle, nous pouvons la garder facilement avec nos deux chiennes ( setter anglais et labrador) si vous d\u00e9sirez visiter des sites o\u00f9 les animaux ne sont pas admis&#8230; Un pr\u00e9, \u00e9quip\u00e9 avec eau et cabane, proche du ch\u00e2teau peut accueillir un cheval.<\/p>\n\n\n\n<p>A  Martign\u00e9 Briand ( 3kms), vous trouverez tous les services : supermarch\u00e9 Carrefour avec carburants, \u00e9picerie d&rsquo;antan ( avec sp\u00e9cialit\u00e9s angevines), boulangerie ( \u00e9galement \u00e0 Tign\u00e9 4 kms), m\u00e9decins, pharmacie, infirmi\u00e8res, bar tabac&#8230;etc<\/p>\n\n\n\n<p class=\"has-medium-font-size\"><strong>Tarifs et r\u00e9servations :<\/strong><\/p>\n\n\n\n<p>Gite ouvert du 1 mai au 15 octobre<\/p>\n\n\n\n<p>A partir de 95 \u20ac la nuit hors saison et 110 \u20ac haute saison.<\/p>\n\n\n\n<p>Location linge de lits faits : 20 \u20ac <br>Location serviettes de toilette : 5 \u20ac<br>M\u00e9nage : 30 \u20ac<\/p>\n\n\n\n<p>Pr\u00eat de v\u00e9los pour adultes et enfants.<\/p>\n\n\n\n<p>Nous pouvons accueillir de un \u00e0 deux chevaux dans un pr\u00e9 avec cabane (situ\u00e9 \u00e0 300 m).<\/p>\n\n\n\n<p>R\u00e9servation facile ci dessous :<\/p>\n\n\n\n<p><\/p>\n\n\n<p><script type=\"text\/javascript\" src=\"\/\/gadget.open-system.fr\/widgets-libs\/rel\/noyau-1.0.min.js\"><\/script><br \/>\n<script type=\"text\/javascript\"><br \/>\n( function() {<br \/>\n\tvar widgetProduit = AllianceReseaux.Widget.Instance( \"Produit\", { idPanier:\"8x3y8_M\", idIntegration:946, langue:\"fr\", ui:\"OSCH-133552-1\" } );<br \/>\n\twidgetProduit.Initialise();<br \/>\n})();<br \/>\n<\/script><\/p>\n<div id=\"widget-produit-OSCH-133552-1\"><\/div>\n\n\n<p><br><a href=\"https:\/\/www.anjou-tourisme.com\/fr\/preparer-son-sejour\/ou-dormir\/gites-et-locations\">https:\/\/www.anjou-tourisme.com\/fr\/<\/a><\/p>\n\n<script type=\"text\/javascript\" src=\"\/\/gadget.open-system.fr\/widgets-libs\/rel\/noyau-1.0.min.js\"><\/script>\n<script type=\"text\/javascript\">\n( function() {\n\tvar widgetProduit = AllianceReseaux.Widget.Instance( \"Produit\", { idPanier:\"8x3y8_M\", idIntegration:946, langue:\"fr\", ui:\"OSCH-133552-1\" } );\n\twidgetProduit.Initialise();\n})();\n<\/script>\n\n<div id=\"widget-produit-OSCH-133552-1\"><\/div>\n\n\n\n<p><a href=\"https:\/\/www.airbnb.fr\/rooms\/33604472?productId=33604472&amp;check_in=2025-05-05&amp;check_out=2025-05-11&amp;guests=1&amp;adults=1&amp;children=0&amp;infants=0&amp;pets=0&amp;source_impression_id=p3_1734375370_P32u8z4wUhl10Ubp\" target=\"_blank\" rel=\"noreferrer noopener\">airbnb<\/a><\/p>\n\n\n\n<p class=\"has-medium-font-size\">Renseignements : <\/p>\n\n\n\n<p>N&rsquo;h\u00e9sitez pas \u00e0 nous joindre sur : <a href=\"mailto:contact@chateaudevilleneuve.fr\">contact@chateaudevilleneuve.fr<\/a><\/p>\n\n\n\n<p><\/p>\n","protected":false},"excerpt":{"rendered":"<p>Meubl\u00e9 de tourisme class\u00e9 3* Anjou Tourisme https:\/\/www.anjou-tourisme.com\/fr\/diffusio\/locations-vacances\/gite-du-chatelet-chateau-de-villeneuve-terranjou_TFOHLOPDL049V50HOYQ https:\/\/www.anjou-tourisme.com\/fr\/ Le ch\u00e2teau de Villeneuve vous propose un s\u00e9jour dans le \u00ab\u00a0gite du ch\u00e2telet\u00ab\u00a0, b\u00e2timent des XII e et XV e si\u00e8cles pour vivre une immersion dans le Moyen-Age en toute qui\u00e9tude. Vous pourrez profiter librement des jardins historiques labellis\u00e9s \u00ab\u00a0Beau jardin des pays de La Loire\u00a0\u00bb. &hellip; <\/p>\n<p class=\"link-more\"><a href=\"https:\/\/chateaudevilleneuve.fr\/wp\/?page_id=239\" class=\"more-link\">Continuer la lecture<span class=\"screen-reader-text\"> de &laquo;&nbsp;Gite de tourisme \u00a0\u00bb Le ch\u00e2telet\u00a0\u00bb&nbsp;&raquo;<\/span><\/a><\/p>\n","protected":false},"author":1,"featured_media":240,"parent":0,"menu_order":0,"comment_status":"closed","ping_status":"closed","template":"","meta":{"footnotes":""},"class_list":["post-239","page","type-page","status-publish","has-post-thumbnail","hentry"],"_links":{"self":[{"href":"https:\/\/chateaudevilleneuve.fr\/wp\/index.php?rest_route=\/wp\/v2\/pages\/239","targetHints":{"allow":["GET"]}}],"collection":[{"href":"https:\/\/chateaudevilleneuve.fr\/wp\/index.php?rest_route=\/wp\/v2\/pages"}],"about":[{"href":"https:\/\/chateaudevilleneuve.fr\/wp\/index.php?rest_route=\/wp\/v2\/types\/page"}],"author":[{"embeddable":true,"href":"https:\/\/chateaudevilleneuve.fr\/wp\/index.php?rest_route=\/wp\/v2\/users\/1"}],"replies":[{"embeddable":true,"href":"https:\/\/chateaudevilleneuve.fr\/wp\/index.php?rest_route=%2Fwp%2Fv2%2Fcomments&post=239"}],"version-history":[{"count":39,"href":"https:\/\/chateaudevilleneuve.fr\/wp\/index.php?rest_route=\/wp\/v2\/pages\/239\/revisions"}],"predecessor-version":[{"id":311,"href":"https:\/\/chateaudevilleneuve.fr\/wp\/index.php?rest_route=\/wp\/v2\/pages\/239\/revisions\/311"}],"wp:featuredmedia":[{"embeddable":true,"href":"https:\/\/chateaudevilleneuve.fr\/wp\/index.php?rest_route=\/wp\/v2\/media\/240"}],"wp:attachment":[{"href":"https:\/\/chateaudevilleneuve.fr\/wp\/index.php?rest_route=%2Fwp%2Fv2%2Fmedia&parent=239"}],"curies":[{"name":"wp","href":"https:\/\/api.w.org\/{rel}","templated":true}]}}