{"id":54,"date":"2017-11-19T20:17:24","date_gmt":"2017-11-19T19:17:24","guid":{"rendered":"http:\/\/chateaudevilleneuve.fr\/wp\/?page_id=54"},"modified":"2024-04-22T00:01:09","modified_gmt":"2024-04-21T22:01:09","slug":"les-buis-de-villeneuve","status":"publish","type":"page","link":"http:\/\/chateaudevilleneuve.fr\/wp\/?page_id=54","title":{"rendered":"Les buis de Villeneuve"},"content":{"rendered":"\n<p>Vous pouvez voir dans les jardins du ch\u00e2teau de Villeneuve plus de 6000 pieds de Buis. Ils sont pr\u00e9sent\u00e9s en haies basses (environ 45 cm) et moyennes (environ 1,20 m.) ou en topiaires. Quatre vari\u00e9t\u00e9s sont utilis\u00e9es : <em>Buxus<\/em> <em>semperviren<\/em>s &lsquo;suffruticosa&rsquo;,  <em>Buxus\u00a0sempervirens<\/em><strong>\u00a0<\/strong>\u2018Harewood\u2019 pour la majeure partie, tous issus de nos propres boutures,<em>\u00a0Buxus sempervirens\u00a0<\/em>\u2018Elegans\u2019 pour son effet de feuilles panach\u00e9es et <em>Buxus sempervirens<\/em> &lsquo; rotundifolia&rsquo;.<\/p>\n\n\n\n<p>Les Buis sont inimitables pour assurer la beaut\u00e9 et la structure d&rsquo;un jardin formel. Le remplacer par de l&rsquo;<em>Euonymus japonicus<\/em> ou de l&rsquo;<em>Ilex crenata<\/em> est difficile. Le premier se tient assez mal et le second chlorose dans notre sous-sol.<\/p>\n\n\n\n<p>Mais les Buis n\u00e9cessitent une surveillance constante. Il est attaqu\u00e9 par la pyrale du Buis ou des maladies cryptogamiques.<\/p>\n\n\n<p><img loading=\"lazy\" decoding=\"async\" class=\"aligncenter size-medium wp-image-61\" src=\"http:\/\/chateaudevilleneuve.fr\/wp\/wp-content\/uploads\/2017\/11\/20170414_130241-225x300.jpg\" alt=\"\" width=\"225\" height=\"300\" srcset=\"http:\/\/chateaudevilleneuve.fr\/wp\/wp-content\/uploads\/2017\/11\/20170414_130241-225x300.jpg 225w, http:\/\/chateaudevilleneuve.fr\/wp\/wp-content\/uploads\/2017\/11\/20170414_130241-768x1024.jpg 768w\" sizes=\"auto, (max-width: 225px) 100vw, 225px\" \/>Une pyrale se cache certainement entre ces feuilles !<\/p>\n\n\n<p>Les tailles sont fr\u00e9quentes, au moins deux fois dans l&rsquo;ann\u00e9e. <\/p>\n\n\n\n<figure class=\"wp-block-gallery has-nested-images columns-default is-cropped wp-block-gallery-1 is-layout-flex wp-block-gallery-is-layout-flex\">\n<figure class=\"wp-block-image size-large\"><img loading=\"lazy\" decoding=\"async\" width=\"577\" height=\"1024\" data-id=\"214\" src=\"http:\/\/chateaudevilleneuve.fr\/wp\/wp-content\/uploads\/2024\/04\/20230505_154205-577x1024.jpg\" alt=\"\" class=\"wp-image-214\" srcset=\"http:\/\/chateaudevilleneuve.fr\/wp\/wp-content\/uploads\/2024\/04\/20230505_154205-577x1024.jpg 577w, http:\/\/chateaudevilleneuve.fr\/wp\/wp-content\/uploads\/2024\/04\/20230505_154205-169x300.jpg 169w, http:\/\/chateaudevilleneuve.fr\/wp\/wp-content\/uploads\/2024\/04\/20230505_154205-768x1364.jpg 768w, http:\/\/chateaudevilleneuve.fr\/wp\/wp-content\/uploads\/2024\/04\/20230505_154205-865x1536.jpg 865w, http:\/\/chateaudevilleneuve.fr\/wp\/wp-content\/uploads\/2024\/04\/20230505_154205-1153x2048.jpg 1153w, http:\/\/chateaudevilleneuve.fr\/wp\/wp-content\/uploads\/2024\/04\/20230505_154205-scaled.jpg 1441w\" sizes=\"auto, (max-width: 577px) 100vw, 577px\" \/><\/figure>\n<\/figure>\n\n\n\n<figure class=\"wp-block-image size-large\"><img loading=\"lazy\" decoding=\"async\" width=\"1024\" height=\"577\" src=\"http:\/\/chateaudevilleneuve.fr\/wp\/wp-content\/uploads\/2024\/04\/20230402_172354-1024x577.jpg\" alt=\"\" class=\"wp-image-217\" srcset=\"http:\/\/chateaudevilleneuve.fr\/wp\/wp-content\/uploads\/2024\/04\/20230402_172354-1024x577.jpg 1024w, http:\/\/chateaudevilleneuve.fr\/wp\/wp-content\/uploads\/2024\/04\/20230402_172354-300x169.jpg 300w, http:\/\/chateaudevilleneuve.fr\/wp\/wp-content\/uploads\/2024\/04\/20230402_172354-768x432.jpg 768w, http:\/\/chateaudevilleneuve.fr\/wp\/wp-content\/uploads\/2024\/04\/20230402_172354-1536x865.jpg 1536w, http:\/\/chateaudevilleneuve.fr\/wp\/wp-content\/uploads\/2024\/04\/20230402_172354-2048x1153.jpg 2048w\" sizes=\"auto, (max-width: 767px) 89vw, (max-width: 1000px) 54vw, (max-width: 1071px) 543px, 580px\" \/><\/figure>\n\n\n\n<p>Il faut de l&rsquo;aide  de Horus et Tilia&#8230;<\/p>\n\n\n\n<p>Mais l&rsquo;effet des Buis taill\u00e9s est sensationnel : <\/p>\n\n\n\n<figure class=\"wp-block-image size-large\"><img loading=\"lazy\" decoding=\"async\" width=\"1024\" height=\"577\" src=\"http:\/\/chateaudevilleneuve.fr\/wp\/wp-content\/uploads\/2024\/04\/20230601_091143-1024x577.jpg\" alt=\"\" class=\"wp-image-221\" srcset=\"http:\/\/chateaudevilleneuve.fr\/wp\/wp-content\/uploads\/2024\/04\/20230601_091143-1024x577.jpg 1024w, http:\/\/chateaudevilleneuve.fr\/wp\/wp-content\/uploads\/2024\/04\/20230601_091143-300x169.jpg 300w, http:\/\/chateaudevilleneuve.fr\/wp\/wp-content\/uploads\/2024\/04\/20230601_091143-768x432.jpg 768w, http:\/\/chateaudevilleneuve.fr\/wp\/wp-content\/uploads\/2024\/04\/20230601_091143-1536x865.jpg 1536w, http:\/\/chateaudevilleneuve.fr\/wp\/wp-content\/uploads\/2024\/04\/20230601_091143-2048x1153.jpg 2048w\" sizes=\"auto, (max-width: 767px) 89vw, (max-width: 1000px) 54vw, (max-width: 1071px) 543px, 580px\" \/><\/figure>\n\n\n\n<p><\/p>\n","protected":false},"excerpt":{"rendered":"<p>Vous pouvez voir dans les jardins du ch\u00e2teau de Villeneuve plus de 6000 pieds de Buis. Ils sont pr\u00e9sent\u00e9s en haies basses (environ 45 cm) et moyennes (environ 1,20 m.) ou en topiaires. Quatre vari\u00e9t\u00e9s sont utilis\u00e9es : Buxus sempervirens &lsquo;suffruticosa&rsquo;, Buxus\u00a0sempervirens\u00a0\u2018Harewood\u2019 pour la majeure partie, tous issus de nos propres boutures,\u00a0Buxus sempervirens\u00a0\u2018Elegans\u2019 pour son &hellip; <\/p>\n<p class=\"link-more\"><a href=\"http:\/\/chateaudevilleneuve.fr\/wp\/?page_id=54\" class=\"more-link\">Continuer la lecture<span class=\"screen-reader-text\"> de &laquo;&nbsp;Les buis de Villeneuve&nbsp;&raquo;<\/span><\/a><\/p>\n","protected":false},"author":1,"featured_media":0,"parent":0,"menu_order":0,"comment_status":"closed","ping_status":"closed","template":"","meta":{"footnotes":""},"class_list":["post-54","page","type-page","status-publish","hentry"],"_links":{"self":[{"href":"http:\/\/chateaudevilleneuve.fr\/wp\/index.php?rest_route=\/wp\/v2\/pages\/54","targetHints":{"allow":["GET"]}}],"collection":[{"href":"http:\/\/chateaudevilleneuve.fr\/wp\/index.php?rest_route=\/wp\/v2\/pages"}],"about":[{"href":"http:\/\/chateaudevilleneuve.fr\/wp\/index.php?rest_route=\/wp\/v2\/types\/page"}],"author":[{"embeddable":true,"href":"http:\/\/chateaudevilleneuve.fr\/wp\/index.php?rest_route=\/wp\/v2\/users\/1"}],"replies":[{"embeddable":true,"href":"http:\/\/chateaudevilleneuve.fr\/wp\/index.php?rest_route=%2Fwp%2Fv2%2Fcomments&post=54"}],"version-history":[{"count":15,"href":"http:\/\/chateaudevilleneuve.fr\/wp\/index.php?rest_route=\/wp\/v2\/pages\/54\/revisions"}],"predecessor-version":[{"id":223,"href":"http:\/\/chateaudevilleneuve.fr\/wp\/index.php?rest_route=\/wp\/v2\/pages\/54\/revisions\/223"}],"wp:attachment":[{"href":"http:\/\/chateaudevilleneuve.fr\/wp\/index.php?rest_route=%2Fwp%2Fv2%2Fmedia&parent=54"}],"curies":[{"name":"wp","href":"https:\/\/api.w.org\/{rel}","templated":true}]}}